{"id":202,"date":"2024-04-17T21:20:30","date_gmt":"2024-04-17T21:20:30","guid":{"rendered":"https:\/\/urologia-sp.com.br\/lp\/?page_id=202"},"modified":"2025-06-06T23:47:59","modified_gmt":"2025-06-06T23:47:59","slug":"proteses","status":"publish","type":"page","link":"https:\/\/urologia-sp.com.br\/lp\/proteses\/","title":{"rendered":"Proteses"},"content":{"rendered":"\t\t<div data-elementor-type=\"wp-page\" data-elementor-id=\"202\" class=\"elementor elementor-202\">\n\t\t\t\t\t\t<section class=\"elementor-section elementor-top-section elementor-element elementor-element-6f41b768 elementor-section-full_width elementor-section-height-default elementor-section-height-default wpr-particle-no wpr-jarallax-no wpr-parallax-no wpr-sticky-section-no\" data-id=\"6f41b768\" data-element_type=\"section\" data-e-type=\"section\">\n\t\t\t\t\t\t<div class=\"elementor-container elementor-column-gap-default\">\n\t\t\t\t\t<div class=\"elementor-column elementor-col-100 elementor-top-column elementor-element elementor-element-447ed6ca\" data-id=\"447ed6ca\" data-element_type=\"column\" data-e-type=\"column\" data-settings=\"{&quot;background_background&quot;:&quot;classic&quot;}\">\n\t\t\t<div class=\"elementor-widget-wrap elementor-element-populated\">\n\t\t\t\t\t\t<div class=\"elementor-element elementor-element-a3d3b64 elementor-widget elementor-widget-image\" data-id=\"a3d3b64\" data-element_type=\"widget\" data-e-type=\"widget\" data-widget_type=\"image.default\">\n\t\t\t\t<div class=\"elementor-widget-container\">\n\t\t\t\t\t\t\t\t\t\t\t\t\t\t\t<img decoding=\"async\" width=\"150\" height=\"150\" src=\"https:\/\/urologia-sp.com.br\/lp\/wp-content\/uploads\/2024\/03\/Logo_EduardoBertero_branco-150x150.png\" class=\"attachment-thumbnail size-thumbnail wp-image-164\" alt=\"\" \/>\t\t\t\t\t\t\t\t\t\t\t\t\t\t\t<\/div>\n\t\t\t\t<\/div>\n\t\t\t\t<section class=\"elementor-section elementor-inner-section elementor-element elementor-element-7397d07 elementor-section-boxed elementor-section-height-default elementor-section-height-default wpr-particle-no wpr-jarallax-no wpr-parallax-no wpr-sticky-section-no\" data-id=\"7397d07\" data-element_type=\"section\" data-e-type=\"section\">\n\t\t\t\t\t\t<div class=\"elementor-container elementor-column-gap-default\">\n\t\t\t\t\t<div class=\"elementor-column elementor-col-50 elementor-inner-column elementor-element elementor-element-246bfd12\" data-id=\"246bfd12\" data-element_type=\"column\" data-e-type=\"column\">\n\t\t\t<div class=\"elementor-widget-wrap elementor-element-populated\">\n\t\t\t\t\t\t<div class=\"elementor-element elementor-element-615fa6af elementor-widget__width-initial elementor-widget elementor-widget-text-editor\" data-id=\"615fa6af\" data-element_type=\"widget\" data-e-type=\"widget\" data-widget_type=\"text-editor.default\">\n\t\t\t\t<div class=\"elementor-widget-container\">\n\t\t\t\t\t\t\t\t\t<p><strong>VOLTE A TER ERE\u00c7\u00d5ES FIRMES COM UMA PR\u00d3TESE PENIANA<\/strong><\/p>\t\t\t\t\t\t\t\t<\/div>\n\t\t\t\t<\/div>\n\t\t\t\t<div class=\"elementor-element elementor-element-71bd4894 elementor-widget__width-initial elementor-widget elementor-widget-text-editor\" data-id=\"71bd4894\" data-element_type=\"widget\" data-e-type=\"widget\" data-widget_type=\"text-editor.default\">\n\t\t\t\t<div class=\"elementor-widget-container\">\n\t\t\t\t\t\t\t\t\t<p>Uma t\u00e9cnica cir\u00fargica <strong>segura e satisfat\u00f3ria<\/strong>!<\/p><p>Uma alternativa para a <strong>Disfun\u00e7\u00e3o Er\u00e9til<\/strong> (tamb\u00e9m conhecida como Impot\u00eancia Sexual).<\/p>\t\t\t\t\t\t\t\t<\/div>\n\t\t\t\t<\/div>\n\t\t\t\t<div class=\"elementor-element elementor-element-7c0aadb6 elementor-mobile-align-justify elementor-align-left elementor-widget__width-initial elementor-widget elementor-widget-button\" data-id=\"7c0aadb6\" data-element_type=\"widget\" data-e-type=\"widget\" data-widget_type=\"button.default\">\n\t\t\t\t<div class=\"elementor-widget-container\">\n\t\t\t\t\t\t\t\t\t<div class=\"elementor-button-wrapper\">\n\t\t\t\t\t<a class=\"elementor-button elementor-button-link elementor-size-lg elementor-animation-grow\" href=\"https:\/\/urologia-sp.com.br\/lp\/whatsapp-protese\">\n\t\t\t\t\t\t<span class=\"elementor-button-content-wrapper\">\n\t\t\t\t\t\t\t\t\t<span class=\"elementor-button-text\">QUERO AGENDAR UMA CONSULTA<\/span>\n\t\t\t\t\t<\/span>\n\t\t\t\t\t<\/a>\n\t\t\t\t<\/div>\n\t\t\t\t\t\t\t\t<\/div>\n\t\t\t\t<\/div>\n\t\t\t\t\t<\/div>\n\t\t<\/div>\n\t\t\t\t<div class=\"elementor-column elementor-col-50 elementor-inner-column elementor-element elementor-element-4291107a\" data-id=\"4291107a\" data-element_type=\"column\" data-e-type=\"column\">\n\t\t\t<div class=\"elementor-widget-wrap elementor-element-populated\">\n\t\t\t\t\t\t<div class=\"elementor-element elementor-element-4a3e7576 elementor-widget__width-initial elementor-widget-mobile__width-initial elementor-widget elementor-widget-image\" data-id=\"4a3e7576\" data-element_type=\"widget\" data-e-type=\"widget\" data-widget_type=\"image.default\">\n\t\t\t\t<div class=\"elementor-widget-container\">\n\t\t\t\t\t\t\t\t\t\t\t\t\t\t\t<img fetchpriority=\"high\" decoding=\"async\" width=\"1300\" height=\"1252\" src=\"https:\/\/urologia-sp.com.br\/lp\/wp-content\/uploads\/2024\/04\/mao_pepino.png\" class=\"attachment-full size-full wp-image-204\" alt=\"\" srcset=\"https:\/\/urologia-sp.com.br\/lp\/wp-content\/uploads\/2024\/04\/mao_pepino.png 1300w, https:\/\/urologia-sp.com.br\/lp\/wp-content\/uploads\/2024\/04\/mao_pepino-300x289.png 300w, https:\/\/urologia-sp.com.br\/lp\/wp-content\/uploads\/2024\/04\/mao_pepino-1024x986.png 1024w, https:\/\/urologia-sp.com.br\/lp\/wp-content\/uploads\/2024\/04\/mao_pepino-768x740.png 768w\" sizes=\"(max-width: 1300px) 100vw, 1300px\" \/>\t\t\t\t\t\t\t\t\t\t\t\t\t\t\t<\/div>\n\t\t\t\t<\/div>\n\t\t\t\t\t<\/div>\n\t\t<\/div>\n\t\t\t\t\t<\/div>\n\t\t<\/section>\n\t\t\t\t\t<\/div>\n\t\t<\/div>\n\t\t\t\t\t<\/div>\n\t\t<\/section>\n\t\t\t\t<section class=\"elementor-section elementor-top-section elementor-element elementor-element-51606722 elementor-section-boxed elementor-section-height-default elementor-section-height-default wpr-particle-no wpr-jarallax-no wpr-parallax-no wpr-sticky-section-no\" data-id=\"51606722\" data-element_type=\"section\" data-e-type=\"section\">\n\t\t\t\t\t\t<div class=\"elementor-container elementor-column-gap-default\">\n\t\t\t\t\t<div class=\"elementor-column elementor-col-100 elementor-top-column elementor-element elementor-element-691283a3\" data-id=\"691283a3\" data-element_type=\"column\" data-e-type=\"column\">\n\t\t\t<div class=\"elementor-widget-wrap elementor-element-populated\">\n\t\t\t\t\t\t<div class=\"elementor-element elementor-element-43374df texto elementor-widget elementor-widget-text-editor\" data-id=\"43374df\" data-element_type=\"widget\" data-e-type=\"widget\" data-widget_type=\"text-editor.default\">\n\t\t\t\t<div class=\"elementor-widget-container\">\n\t\t\t\t\t\t\t\t\t<p>Saiba mais sobre o procedimento:<\/p>\t\t\t\t\t\t\t\t<\/div>\n\t\t\t\t<\/div>\n\t\t\t\t<div class=\"elementor-element elementor-element-75906d5 elementor-widget elementor-widget-video\" data-id=\"75906d5\" data-element_type=\"widget\" data-e-type=\"widget\" data-settings=\"{&quot;youtube_url&quot;:&quot;https:\\\/\\\/www.youtube.com\\\/watch?v=bSrQmLf69_s&quot;,&quot;video_type&quot;:&quot;youtube&quot;,&quot;controls&quot;:&quot;yes&quot;}\" data-widget_type=\"video.default\">\n\t\t\t\t<div class=\"elementor-widget-container\">\n\t\t\t\t\t\t\t<div class=\"elementor-wrapper elementor-open-inline\">\n\t\t\t<div class=\"elementor-video\"><\/div>\t\t<\/div>\n\t\t\t\t\t\t<\/div>\n\t\t\t\t<\/div>\n\t\t\t\t<div class=\"elementor-element elementor-element-22409b52 elementor-align-center elementor-mobile-align-justify elementor-widget elementor-widget-button\" data-id=\"22409b52\" data-element_type=\"widget\" data-e-type=\"widget\" data-widget_type=\"button.default\">\n\t\t\t\t<div class=\"elementor-widget-container\">\n\t\t\t\t\t\t\t\t\t<div class=\"elementor-button-wrapper\">\n\t\t\t\t\t<a class=\"elementor-button elementor-button-link elementor-size-xl elementor-animation-grow\" href=\"https:\/\/urologia-sp.com.br\/lp\/whatsapp-protese\">\n\t\t\t\t\t\t<span class=\"elementor-button-content-wrapper\">\n\t\t\t\t\t\t\t\t\t<span class=\"elementor-button-text\">QUERO AGENDAR UMA CONSULTA<\/span>\n\t\t\t\t\t<\/span>\n\t\t\t\t\t<\/a>\n\t\t\t\t<\/div>\n\t\t\t\t\t\t\t\t<\/div>\n\t\t\t\t<\/div>\n\t\t\t\t\t<\/div>\n\t\t<\/div>\n\t\t\t\t\t<\/div>\n\t\t<\/section>\n\t\t\t\t<section class=\"elementor-section elementor-top-section elementor-element elementor-element-673584fa elementor-section-full_width elementor-section-height-default elementor-section-height-default wpr-particle-no wpr-jarallax-no wpr-parallax-no wpr-sticky-section-no\" data-id=\"673584fa\" data-element_type=\"section\" data-e-type=\"section\">\n\t\t\t\t\t\t<div class=\"elementor-container elementor-column-gap-default\">\n\t\t\t\t\t<div class=\"elementor-column elementor-col-100 elementor-top-column elementor-element elementor-element-69988419\" data-id=\"69988419\" data-element_type=\"column\" data-e-type=\"column\" data-settings=\"{&quot;background_background&quot;:&quot;classic&quot;}\">\n\t\t\t<div class=\"elementor-widget-wrap elementor-element-populated\">\n\t\t\t\t\t\t<section class=\"elementor-section elementor-inner-section elementor-element elementor-element-2b08bf46 elementor-section-boxed elementor-section-height-default elementor-section-height-default wpr-particle-no wpr-jarallax-no wpr-parallax-no wpr-sticky-section-no\" data-id=\"2b08bf46\" data-element_type=\"section\" data-e-type=\"section\">\n\t\t\t\t\t\t<div class=\"elementor-container elementor-column-gap-default\">\n\t\t\t\t\t<div class=\"elementor-column elementor-col-100 elementor-inner-column elementor-element elementor-element-744870c5\" data-id=\"744870c5\" data-element_type=\"column\" data-e-type=\"column\">\n\t\t\t<div class=\"elementor-widget-wrap elementor-element-populated\">\n\t\t\t\t\t\t<div class=\"elementor-element elementor-element-38c4bdcd texto elementor-widget elementor-widget-text-editor\" data-id=\"38c4bdcd\" data-element_type=\"widget\" data-e-type=\"widget\" data-widget_type=\"text-editor.default\">\n\t\t\t\t<div class=\"elementor-widget-container\">\n\t\t\t\t\t\t\t\t\t<p><strong>Pr\u00f3tese Male\u00e1vel (semi-r\u00edgida) ou infl\u00e1vel. Entenda a diferen\u00e7a entre elas e escolha a melhor op\u00e7\u00e3o para voc\u00ea.<\/strong><\/p>\t\t\t\t\t\t\t\t<\/div>\n\t\t\t\t<\/div>\n\t\t\t\t<div class=\"elementor-element elementor-element-4f78f125 elementor-widget__width-initial elementor-widget elementor-widget-text-editor\" data-id=\"4f78f125\" data-element_type=\"widget\" data-e-type=\"widget\" data-widget_type=\"text-editor.default\">\n\t\t\t\t<div class=\"elementor-widget-container\">\n\t\t\t\t\t\t\t\t\t<p>Existem v\u00e1rios modelos e fabricantes de <strong>pr\u00f3teses penianas male\u00e1veis<\/strong> dispon\u00edveis no Brasil. Em geral, s\u00e3o compostas por uma camada de silicone firme que reveste uma outra de silicone macio (gel), ambas envolvendo uma cordoalha de prata ou a\u00e7o que permite uma boa rigidez na ere\u00e7\u00e3o e d\u00e1 ao implante uma maleabilidade satisfat\u00f3ria. S\u00e3o fornecidas em tamanhos e di\u00e2metros variados.<\/p><p>J\u00e1 as <strong>infl\u00e1veis<\/strong>, t\u00eam como caracter\u00edstica a coloca\u00e7\u00e3o da bomba no escroto, um reservat\u00f3rio abdominal e um cilindro em cada corpo cavernoso. O paciente necessita de certa habilidade manual para manusear o dispositivo. <strong>S\u00e3o as que produzem ere\u00e7\u00f5es mais naturais<\/strong>.<\/p><p><strong>SEU PRAZER E SENSIBILIDADE PERMANECEM INALTERADOS!<\/strong><\/p>\t\t\t\t\t\t\t\t<\/div>\n\t\t\t\t<\/div>\n\t\t\t\t<div class=\"elementor-element elementor-element-d5a823f elementor-mobile-align-justify elementor-align-center elementor-widget__width-initial elementor-widget elementor-widget-button\" data-id=\"d5a823f\" data-element_type=\"widget\" data-e-type=\"widget\" data-widget_type=\"button.default\">\n\t\t\t\t<div class=\"elementor-widget-container\">\n\t\t\t\t\t\t\t\t\t<div class=\"elementor-button-wrapper\">\n\t\t\t\t\t<a class=\"elementor-button elementor-button-link elementor-size-lg elementor-animation-grow\" href=\"https:\/\/urologia-sp.com.br\/lp\/whatsapp-protese\">\n\t\t\t\t\t\t<span class=\"elementor-button-content-wrapper\">\n\t\t\t\t\t\t\t\t\t<span class=\"elementor-button-text\">QUERO AGENDAR UMA CONSULTA<\/span>\n\t\t\t\t\t<\/span>\n\t\t\t\t\t<\/a>\n\t\t\t\t<\/div>\n\t\t\t\t\t\t\t\t<\/div>\n\t\t\t\t<\/div>\n\t\t\t\t\t<\/div>\n\t\t<\/div>\n\t\t\t\t\t<\/div>\n\t\t<\/section>\n\t\t\t\t\t<\/div>\n\t\t<\/div>\n\t\t\t\t\t<\/div>\n\t\t<\/section>\n\t\t\t\t<section class=\"elementor-section elementor-top-section elementor-element elementor-element-2cbbee60 elementor-section-boxed elementor-section-height-default elementor-section-height-default wpr-particle-no wpr-jarallax-no wpr-parallax-no wpr-sticky-section-no\" data-id=\"2cbbee60\" data-element_type=\"section\" data-e-type=\"section\">\n\t\t\t\t\t\t<div class=\"elementor-container elementor-column-gap-default\">\n\t\t\t\t\t<div class=\"elementor-column elementor-col-100 elementor-top-column elementor-element elementor-element-706018e\" data-id=\"706018e\" data-element_type=\"column\" data-e-type=\"column\">\n\t\t\t<div class=\"elementor-widget-wrap elementor-element-populated\">\n\t\t\t\t\t\t<div class=\"elementor-element elementor-element-31110f18 texto elementor-widget elementor-widget-text-editor\" data-id=\"31110f18\" data-element_type=\"widget\" data-e-type=\"widget\" data-widget_type=\"text-editor.default\">\n\t\t\t\t<div class=\"elementor-widget-container\">\n\t\t\t\t\t\t\t\t\t<p><strong>Para quem \u00e9 indicada a pr\u00f3tese?<\/strong><\/p>\t\t\t\t\t\t\t\t<\/div>\n\t\t\t\t<\/div>\n\t\t\t\t\t<\/div>\n\t\t<\/div>\n\t\t\t\t\t<\/div>\n\t\t<\/section>\n\t\t\t\t<section class=\"elementor-section elementor-top-section elementor-element elementor-element-4b3cb84c elementor-section-boxed elementor-section-height-default elementor-section-height-default wpr-particle-no wpr-jarallax-no wpr-parallax-no wpr-sticky-section-no\" data-id=\"4b3cb84c\" data-element_type=\"section\" data-e-type=\"section\">\n\t\t\t\t\t\t<div class=\"elementor-container elementor-column-gap-default\">\n\t\t\t\t\t<div class=\"elementor-column elementor-col-100 elementor-top-column elementor-element elementor-element-10899c94\" data-id=\"10899c94\" data-element_type=\"column\" data-e-type=\"column\">\n\t\t\t<div class=\"elementor-widget-wrap elementor-element-populated\">\n\t\t\t\t\t\t<section class=\"elementor-section elementor-inner-section elementor-element elementor-element-39c97012 elementor-section-boxed elementor-section-height-default elementor-section-height-default wpr-particle-no wpr-jarallax-no wpr-parallax-no wpr-sticky-section-no\" data-id=\"39c97012\" data-element_type=\"section\" data-e-type=\"section\">\n\t\t\t\t\t\t<div class=\"elementor-container elementor-column-gap-default\">\n\t\t\t\t\t<div class=\"elementor-column elementor-col-100 elementor-inner-column elementor-element elementor-element-9b48d43\" data-id=\"9b48d43\" data-element_type=\"column\" data-e-type=\"column\">\n\t\t\t<div class=\"elementor-widget-wrap elementor-element-populated\">\n\t\t\t\t\t\t<div class=\"elementor-element elementor-element-865763a elementor-widget__width-initial elementor-widget elementor-widget-text-editor\" data-id=\"865763a\" data-element_type=\"widget\" data-e-type=\"widget\" data-widget_type=\"text-editor.default\">\n\t\t\t\t<div class=\"elementor-widget-container\">\n\t\t\t\t\t\t\t\t\t<p>A indica\u00e7\u00e3o de pr\u00f3tese peniana permanece basicamente inalterada nos \u00faltimos anos, sendo o tratamento recomendado ap\u00f3s falha de tratamento mais conservador, como comprimidos e medica\u00e7\u00e3o intracavernosa.<\/p><p>Existem outras situa\u00e7\u00f5es, como por exemplo, voc\u00ea aumentou a dose do rem\u00e9dio e sofre muito com efeitos colaterais; n\u00e3o se adaptou as inje\u00e7\u00f5es penianas, embora tenham funcionado.<\/p><p><strong>Pr\u00f3tese totalmente oculta no corpo!<\/strong><\/p><p>Sem danos, o implante \u00e9 inserido dentro do corpo cavernoso, que antes era ocupado por sangue. Todo e qualquer material fica totalmente oculto no corpo, nada aparente e bem discreto.<\/p>\t\t\t\t\t\t\t\t<\/div>\n\t\t\t\t<\/div>\n\t\t\t\t<div class=\"elementor-element elementor-element-d7281b9 elementor-align-center elementor-mobile-align-justify elementor-widget elementor-widget-button\" data-id=\"d7281b9\" data-element_type=\"widget\" data-e-type=\"widget\" data-widget_type=\"button.default\">\n\t\t\t\t<div class=\"elementor-widget-container\">\n\t\t\t\t\t\t\t\t\t<div class=\"elementor-button-wrapper\">\n\t\t\t\t\t<a class=\"elementor-button elementor-button-link elementor-size-xl elementor-animation-grow\" href=\"https:\/\/urologia-sp.com.br\/lp\/whatsapp-protese\">\n\t\t\t\t\t\t<span class=\"elementor-button-content-wrapper\">\n\t\t\t\t\t\t\t\t\t<span class=\"elementor-button-text\">QUERO AGENDAR UMA CONSULTA<\/span>\n\t\t\t\t\t<\/span>\n\t\t\t\t\t<\/a>\n\t\t\t\t<\/div>\n\t\t\t\t\t\t\t\t<\/div>\n\t\t\t\t<\/div>\n\t\t\t\t\t<\/div>\n\t\t<\/div>\n\t\t\t\t\t<\/div>\n\t\t<\/section>\n\t\t\t\t\t<\/div>\n\t\t<\/div>\n\t\t\t\t\t<\/div>\n\t\t<\/section>\n\t\t\t\t<section class=\"elementor-section elementor-top-section elementor-element elementor-element-7e6df8ea elementor-section-boxed elementor-section-height-default elementor-section-height-default wpr-particle-no wpr-jarallax-no wpr-parallax-no wpr-sticky-section-no\" data-id=\"7e6df8ea\" data-element_type=\"section\" data-e-type=\"section\" data-settings=\"{&quot;background_background&quot;:&quot;classic&quot;}\">\n\t\t\t\t\t\t<div class=\"elementor-container elementor-column-gap-default\">\n\t\t\t\t\t<div class=\"elementor-column elementor-col-100 elementor-top-column elementor-element elementor-element-601a6c44\" data-id=\"601a6c44\" data-element_type=\"column\" data-e-type=\"column\">\n\t\t\t<div class=\"elementor-widget-wrap elementor-element-populated\">\n\t\t\t\t\t\t<div class=\"elementor-element elementor-element-2e1c2600 elementor-widget elementor-widget-image\" data-id=\"2e1c2600\" data-element_type=\"widget\" data-e-type=\"widget\" data-widget_type=\"image.default\">\n\t\t\t\t<div class=\"elementor-widget-container\">\n\t\t\t\t\t\t\t\t\t\t\t\t\t\t\t<img decoding=\"async\" width=\"150\" height=\"150\" src=\"https:\/\/urologia-sp.com.br\/lp\/wp-content\/uploads\/2024\/03\/Logo_EduardoBertero_branco-150x150.png\" class=\"attachment-thumbnail size-thumbnail wp-image-164\" alt=\"\" \/>\t\t\t\t\t\t\t\t\t\t\t\t\t\t\t<\/div>\n\t\t\t\t<\/div>\n\t\t\t\t<section class=\"elementor-section elementor-inner-section elementor-element elementor-element-6ac4d243 elementor-section-boxed elementor-section-height-default elementor-section-height-default wpr-particle-no wpr-jarallax-no wpr-parallax-no wpr-sticky-section-no\" data-id=\"6ac4d243\" data-element_type=\"section\" data-e-type=\"section\">\n\t\t\t\t\t\t<div class=\"elementor-container elementor-column-gap-default\">\n\t\t\t\t\t<div class=\"elementor-column elementor-col-100 elementor-inner-column elementor-element elementor-element-30866d56\" data-id=\"30866d56\" data-element_type=\"column\" data-e-type=\"column\">\n\t\t\t<div class=\"elementor-widget-wrap elementor-element-populated\">\n\t\t\t\t\t\t<div class=\"elementor-element elementor-element-7e74fac6 elementor-widget__width-initial elementor-widget elementor-widget-text-editor\" data-id=\"7e74fac6\" data-element_type=\"widget\" data-e-type=\"widget\" data-widget_type=\"text-editor.default\">\n\t\t\t\t<div class=\"elementor-widget-container\">\n\t\t\t\t\t\t\t\t\t<p><span style=\"text-align: start;\">Copyright \u00a9 \u2013 2024 &#8211; DR. EDUARDO BERTERO &#8211; CRM -SP 57666 \/ RQE 89883<\/span><br style=\"text-align: start;\" \/><span style=\"text-align: start;\">Todos os direitos reservados.<\/span><strong><br \/><\/strong><\/p>\t\t\t\t\t\t\t\t<\/div>\n\t\t\t\t<\/div>\n\t\t\t\t\t<\/div>\n\t\t<\/div>\n\t\t\t\t\t<\/div>\n\t\t<\/section>\n\t\t\t\t<div class=\"elementor-element elementor-element-619201fe elementor-widget__width-initial elementor-widget elementor-widget-text-editor\" data-id=\"619201fe\" data-element_type=\"widget\" data-e-type=\"widget\" data-widget_type=\"text-editor.default\">\n\t\t\t\t<div class=\"elementor-widget-container\">\n\t\t\t\t\t\t\t\t\t<p>Ao navegar neste site voc\u00ea aceita os cookies e nossa <b>pol\u00edtica de privacidade<\/b>.<\/p><p>Desenvolvido por:<\/p>\t\t\t\t\t\t\t\t<\/div>\n\t\t\t\t<\/div>\n\t\t\t\t<div class=\"elementor-element elementor-element-a6f4b5d elementor-widget elementor-widget-image\" data-id=\"a6f4b5d\" data-element_type=\"widget\" data-e-type=\"widget\" data-widget_type=\"image.default\">\n\t\t\t\t<div class=\"elementor-widget-container\">\n\t\t\t\t\t\t\t\t\t\t\t\t\t\t\t\t<a href=\"https:\/\/casaduas.com.br\/\">\n\t\t\t\t\t\t\t<img decoding=\"async\" src=\"https:\/\/urologia-sp.com.br\/lp\/wp-content\/uploads\/elementor\/thumbs\/Logo_CasaDuas_horizontal-1-qlhq98xjba3lecgr34ipwi7inbgaiwooqbu2ayahsg.png\" title=\"Logo_CasaDuas_horizontal\" alt=\"Logo_CasaDuas_horizontal\" loading=\"lazy\" \/>\t\t\t\t\t\t\t\t<\/a>\n\t\t\t\t\t\t\t\t\t\t\t\t\t\t\t<\/div>\n\t\t\t\t<\/div>\n\t\t\t\t\t<\/div>\n\t\t<\/div>\n\t\t\t\t\t<\/div>\n\t\t<\/section>\n\t\t\t\t<\/div>\n\t\t","protected":false},"excerpt":{"rendered":"<p>VOLTE A TER ERE\u00c7\u00d5ES FIRMES COM UMA PR\u00d3TESE PENIANA Uma t\u00e9cnica cir\u00fargica segura e satisfat\u00f3ria! Uma alternativa para a Disfun\u00e7\u00e3o Er\u00e9til (tamb\u00e9m conhecida como Impot\u00eancia Sexual). QUERO AGENDAR UMA CONSULTA Saiba mais sobre o procedimento: https:\/\/www.youtube.com\/watch?v=bSrQmLf69_s QUERO AGENDAR UMA CONSULTA Pr\u00f3tese Male\u00e1vel (semi-r\u00edgida) ou infl\u00e1vel. Entenda a diferen\u00e7a entre elas e escolha a melhor op\u00e7\u00e3o para voc\u00ea. Existem v\u00e1rios modelos e fabricantes de pr\u00f3teses penianas male\u00e1veis dispon\u00edveis no Brasil. Em geral, s\u00e3o compostas por uma camada de silicone firme que reveste uma outra de silicone macio (gel), ambas envolvendo uma cordoalha de prata ou a\u00e7o que permite uma boa rigidez na ere\u00e7\u00e3o e d\u00e1 ao implante uma maleabilidade satisfat\u00f3ria. S\u00e3o fornecidas em tamanhos e di\u00e2metros variados. J\u00e1 as infl\u00e1veis, t\u00eam como caracter\u00edstica a coloca\u00e7\u00e3o da bomba no escroto, um reservat\u00f3rio abdominal e um cilindro em cada corpo cavernoso. O paciente necessita de certa habilidade manual para manusear o dispositivo. S\u00e3o as que produzem ere\u00e7\u00f5es mais naturais. SEU PRAZER E SENSIBILIDADE PERMANECEM INALTERADOS! QUERO AGENDAR UMA CONSULTA Para quem \u00e9 indicada a pr\u00f3tese? A indica\u00e7\u00e3o de pr\u00f3tese peniana permanece basicamente inalterada nos \u00faltimos anos, sendo o tratamento recomendado ap\u00f3s falha de tratamento mais conservador, como comprimidos e medica\u00e7\u00e3o intracavernosa. Existem outras situa\u00e7\u00f5es, como por exemplo, voc\u00ea aumentou a dose do rem\u00e9dio e sofre muito com efeitos colaterais; n\u00e3o se adaptou as inje\u00e7\u00f5es penianas, embora tenham funcionado. Pr\u00f3tese totalmente oculta no corpo! Sem danos, o implante \u00e9 inserido dentro do corpo cavernoso, que antes era ocupado por sangue. Todo e qualquer material fica totalmente oculto no corpo, nada aparente e bem discreto. QUERO AGENDAR UMA CONSULTA Copyright \u00a9 \u2013 2024 &#8211; DR. EDUARDO BERTERO &#8211; CRM -SP 57666 \/ RQE 89883Todos os direitos reservados. Ao navegar neste site voc\u00ea aceita os cookies e nossa pol\u00edtica de privacidade. Desenvolvido por:<\/p>\n","protected":false},"author":1,"featured_media":0,"parent":0,"menu_order":0,"comment_status":"closed","ping_status":"closed","template":"elementor_canvas","meta":{"footnotes":""},"class_list":["post-202","page","type-page","status-publish","hentry"],"_links":{"self":[{"href":"https:\/\/urologia-sp.com.br\/lp\/wp-json\/wp\/v2\/pages\/202","targetHints":{"allow":["GET"]}}],"collection":[{"href":"https:\/\/urologia-sp.com.br\/lp\/wp-json\/wp\/v2\/pages"}],"about":[{"href":"https:\/\/urologia-sp.com.br\/lp\/wp-json\/wp\/v2\/types\/page"}],"author":[{"embeddable":true,"href":"https:\/\/urologia-sp.com.br\/lp\/wp-json\/wp\/v2\/users\/1"}],"replies":[{"embeddable":true,"href":"https:\/\/urologia-sp.com.br\/lp\/wp-json\/wp\/v2\/comments?post=202"}],"version-history":[{"count":28,"href":"https:\/\/urologia-sp.com.br\/lp\/wp-json\/wp\/v2\/pages\/202\/revisions"}],"predecessor-version":[{"id":282,"href":"https:\/\/urologia-sp.com.br\/lp\/wp-json\/wp\/v2\/pages\/202\/revisions\/282"}],"wp:attachment":[{"href":"https:\/\/urologia-sp.com.br\/lp\/wp-json\/wp\/v2\/media?parent=202"}],"curies":[{"name":"wp","href":"https:\/\/api.w.org\/{rel}","templated":true}]}}